{"id":51,"date":"2018-06-13T13:19:53","date_gmt":"2018-06-13T13:19:53","guid":{"rendered":"http:\/\/asr-web.de\/?page_id=51"},"modified":"2021-07-28T14:37:23","modified_gmt":"2021-07-28T14:37:23","slug":"kontakt","status":"publish","type":"page","link":"https:\/\/asr-web.de\/index.php\/kontakt\/","title":{"rendered":"Kontakt"},"content":{"rendered":"<p>[et_pb_section fb_built=&#8220;1&#8243; fullwidth=&#8220;on&#8220; _builder_version=&#8220;3.22&#8243;][et_pb_fullwidth_header title=&#8220;KONTAKTIEREN SIE UNS.&#8220; text_orientation=&#8220;center&#8220; _builder_version=&#8220;3.16&#8243; title_font=&#8220;|700|||||||&#8220; title_text_align=&#8220;center&#8220; background_image=&#8220;https:\/\/asr-web.de\/wp-content\/uploads\/2018\/06\/BG-2-asr-1.jpg&#8220; parallax=&#8220;on&#8220; button_one_text_size__hover_enabled=&#8220;off&#8220; button_two_text_size__hover_enabled=&#8220;off&#8220; button_one_text_color__hover_enabled=&#8220;off&#8220; button_two_text_color__hover_enabled=&#8220;off&#8220; button_one_border_width__hover_enabled=&#8220;off&#8220; button_two_border_width__hover_enabled=&#8220;off&#8220; button_one_border_color__hover_enabled=&#8220;off&#8220; button_two_border_color__hover_enabled=&#8220;off&#8220; button_one_border_radius__hover_enabled=&#8220;off&#8220; button_two_border_radius__hover_enabled=&#8220;off&#8220; button_one_letter_spacing__hover_enabled=&#8220;off&#8220; button_two_letter_spacing__hover_enabled=&#8220;off&#8220; button_one_bg_color__hover_enabled=&#8220;off&#8220; button_two_bg_color__hover_enabled=&#8220;off&#8220;][\/et_pb_fullwidth_header][\/et_pb_section][et_pb_section fb_built=&#8220;1&#8243; _builder_version=&#8220;3.22&#8243;][et_pb_row column_structure=&#8220;1_3,1_3,1_3&#8243; _builder_version=&#8220;3.25&#8243; custom_padding=&#8220;0|0px|0|0px|false|false&#8220;][et_pb_column type=&#8220;1_3&#8243; _builder_version=&#8220;3.25&#8243; custom_padding=&#8220;|||&#8220; custom_padding__hover=&#8220;|||&#8220;][et_pb_image src=&#8220;https:\/\/asr-web.de\/wp-content\/uploads\/2018\/06\/hand-graving-smartphone1.png&#8220; align=&#8220;center&#8220; align_tablet=&#8220;center&#8220; align_phone=&#8220;&#8220; align_last_edited=&#8220;on|desktop&#8220; _builder_version=&#8220;3.23&#8243; max_width=&#8220;25%&#8220; module_alignment=&#8220;center&#8220;][\/et_pb_image][et_pb_cta title=&#8220;RUFEN SIE UNS AN&#8220; _builder_version=&#8220;3.16&#8243; header_font=&#8220;|600|||||||&#8220; header_text_color=&#8220;#2b2b2b&#8220; header_font_size=&#8220;22px&#8220; body_font=&#8220;||||||||&#8220; body_text_color=&#8220;#2b2b2b&#8220; body_font_size=&#8220;16px&#8220; use_background_color=&#8220;off&#8220; button_text_size__hover_enabled=&#8220;off&#8220; button_one_text_size__hover_enabled=&#8220;off&#8220; button_two_text_size__hover_enabled=&#8220;off&#8220; button_text_color__hover_enabled=&#8220;off&#8220; button_one_text_color__hover_enabled=&#8220;off&#8220; button_two_text_color__hover_enabled=&#8220;off&#8220; button_border_width__hover_enabled=&#8220;off&#8220; button_one_border_width__hover_enabled=&#8220;off&#8220; button_two_border_width__hover_enabled=&#8220;off&#8220; button_border_color__hover_enabled=&#8220;off&#8220; button_one_border_color__hover_enabled=&#8220;off&#8220; button_two_border_color__hover_enabled=&#8220;off&#8220; button_border_radius__hover_enabled=&#8220;off&#8220; button_one_border_radius__hover_enabled=&#8220;off&#8220; button_two_border_radius__hover_enabled=&#8220;off&#8220; button_letter_spacing__hover_enabled=&#8220;off&#8220; button_one_letter_spacing__hover_enabled=&#8220;off&#8220; button_two_letter_spacing__hover_enabled=&#8220;off&#8220; button_bg_color__hover_enabled=&#8220;off&#8220; button_one_bg_color__hover_enabled=&#8220;off&#8220; button_two_bg_color__hover_enabled=&#8220;off&#8220;]07249 \/ 549<br \/>\n[\/et_pb_cta][\/et_pb_column][et_pb_column type=&#8220;1_3&#8243; _builder_version=&#8220;3.25&#8243; custom_padding=&#8220;|||&#8220; custom_padding__hover=&#8220;|||&#8220;][et_pb_image src=&#8220;https:\/\/asr-web.de\/wp-content\/uploads\/2018\/06\/clock-circular-outline1.png&#8220; align_tablet=&#8220;center&#8220; align_phone=&#8220;&#8220; align_last_edited=&#8220;on|desktop&#8220; _builder_version=&#8220;3.23&#8243; max_width=&#8220;25%&#8220; module_alignment=&#8220;center&#8220;][\/et_pb_image][et_pb_cta title=&#8220;\u00d6FFNUNGSZEITEN&#8220; _builder_version=&#8220;4.9.10&#8243; header_font=&#8220;|600|||||||&#8220; header_text_color=&#8220;#2b2b2b&#8220; header_font_size=&#8220;22px&#8220; body_font=&#8220;||||||||&#8220; body_text_color=&#8220;#2b2b2b&#8220; body_font_size=&#8220;16px&#8220; body_line_height=&#8220;1.1em&#8220; use_background_color=&#8220;off&#8220; hover_enabled=&#8220;0&#8243; button_text_size__hover_enabled=&#8220;off&#8220; button_one_text_size__hover_enabled=&#8220;off&#8220; button_two_text_size__hover_enabled=&#8220;off&#8220; button_text_color__hover_enabled=&#8220;off&#8220; button_one_text_color__hover_enabled=&#8220;off&#8220; button_two_text_color__hover_enabled=&#8220;off&#8220; button_border_width__hover_enabled=&#8220;off&#8220; button_one_border_width__hover_enabled=&#8220;off&#8220; button_two_border_width__hover_enabled=&#8220;off&#8220; button_border_color__hover_enabled=&#8220;off&#8220; button_one_border_color__hover_enabled=&#8220;off&#8220; button_two_border_color__hover_enabled=&#8220;off&#8220; button_border_radius__hover_enabled=&#8220;off&#8220; button_one_border_radius__hover_enabled=&#8220;off&#8220; button_two_border_radius__hover_enabled=&#8220;off&#8220; button_letter_spacing__hover_enabled=&#8220;off&#8220; button_one_letter_spacing__hover_enabled=&#8220;off&#8220; button_two_letter_spacing__hover_enabled=&#8220;off&#8220; button_bg_color__hover_enabled=&#8220;off&#8220; button_one_bg_color__hover_enabled=&#8220;off&#8220; button_two_bg_color__hover_enabled=&#8220;off&#8220; sticky_enabled=&#8220;0&#8243;]<\/p>\n<p>Verkaufsr\u00e4ume vor\u00fcbergehend geschlossen!<\/p>\n<p>Termine nach Vereinbarung.<\/p>\n<p>&nbsp;<\/p>\n<p>Heinrich-Heine-Str. 4, Stutensee-Sp\u00f6ck<\/p>\n<p>[\/et_pb_cta][\/et_pb_column][et_pb_column type=&#8220;1_3&#8243; _builder_version=&#8220;3.25&#8243; custom_padding=&#8220;|||&#8220; custom_padding__hover=&#8220;|||&#8220;][et_pb_image src=&#8220;https:\/\/asr-web.de\/wp-content\/uploads\/2018\/06\/checkbox-pen-outline1.png&#8220; align_tablet=&#8220;center&#8220; align_phone=&#8220;&#8220; align_last_edited=&#8220;on|desktop&#8220; _builder_version=&#8220;3.23&#8243; max_width=&#8220;25%&#8220; module_alignment=&#8220;center&#8220;][\/et_pb_image][et_pb_cta title=&#8220;SCHREIBEN SIE UNS&#8220; _builder_version=&#8220;4.9.0&#8243; header_font=&#8220;|600|||||||&#8220; header_text_color=&#8220;#2b2b2b&#8220; header_font_size=&#8220;22px&#8220; body_font=&#8220;||||||||&#8220; body_text_color=&#8220;#2b2b2b&#8220; body_font_size=&#8220;16px&#8220; use_background_color=&#8220;off&#8220; button_text_size__hover_enabled=&#8220;off&#8220; button_one_text_size__hover_enabled=&#8220;off&#8220; button_two_text_size__hover_enabled=&#8220;off&#8220; button_text_color__hover_enabled=&#8220;off&#8220; button_one_text_color__hover_enabled=&#8220;off&#8220; button_two_text_color__hover_enabled=&#8220;off&#8220; button_border_width__hover_enabled=&#8220;off&#8220; button_one_border_width__hover_enabled=&#8220;off&#8220; button_two_border_width__hover_enabled=&#8220;off&#8220; button_border_color__hover_enabled=&#8220;off&#8220; button_one_border_color__hover_enabled=&#8220;off&#8220; button_two_border_color__hover_enabled=&#8220;off&#8220; button_border_radius__hover_enabled=&#8220;off&#8220; button_one_border_radius__hover_enabled=&#8220;off&#8220; button_two_border_radius__hover_enabled=&#8220;off&#8220; button_letter_spacing__hover_enabled=&#8220;off&#8220; button_one_letter_spacing__hover_enabled=&#8220;off&#8220; button_two_letter_spacing__hover_enabled=&#8220;off&#8220; button_bg_color__hover_enabled=&#8220;off&#8220; button_one_bg_color__hover_enabled=&#8220;off&#8220; button_two_bg_color__hover_enabled=&#8220;off&#8220;]<\/p>\n<p>anke(dot)such(at)asr-web(dot)de<\/p>\n<p>[\/et_pb_cta][\/et_pb_column][\/et_pb_row][\/et_pb_section][et_pb_section fb_built=&#8220;1&#8243; admin_label=&#8220;section&#8220; _builder_version=&#8220;3.22&#8243; custom_padding=&#8220;0|0px|54px|0px|false|false&#8220;][et_pb_row admin_label=&#8220;row&#8220; _builder_version=&#8220;3.25&#8243; background_size=&#8220;initial&#8220; background_position=&#8220;top_left&#8220; background_repeat=&#8220;repeat&#8220; custom_padding=&#8220;0|0px|0|0px|false|false&#8220;][et_pb_column type=&#8220;4_4&#8243; _builder_version=&#8220;3.25&#8243; custom_padding=&#8220;|||&#8220; custom_padding__hover=&#8220;|||&#8220;][et_pb_contact_form email=&#8220;anke.such@asr-web.de&#8220; disabled_on=&#8220;off|off|off&#8220; module_id=&#8220;et_pb_contact_form_0&#8243; _builder_version=&#8220;4.9.2&#8243; form_field_background_color=&#8220;#d1d1d1&#8243; form_field_text_color=&#8220;#444444&#8243; title_font=&#8220;||||||||&#8220; form_field_font=&#8220;||||||||&#8220; custom_button=&#8220;on&#8220; button_text_color=&#8220;#ffffff&#8220; button_bg_color=&#8220;#c00000&#8243; button_border_radius=&#8220;10px&#8220; button_font=&#8220;|600|||||||&#8220; text_orientation=&#8220;left&#8220; width=&#8220;100%&#8220; border_radii=&#8220;on|10px|10px|10px|10px&#8220; form_background_color=&#8220;#d1d1d1&#8243;][et_pb_contact_field field_id=&#8220;Name&#8220; field_title=&#8220;Name&#8220; _builder_version=&#8220;3.16&#8243; button_text_size__hover_enabled=&#8220;off&#8220; button_one_text_size__hover_enabled=&#8220;off&#8220; button_two_text_size__hover_enabled=&#8220;off&#8220; button_text_color__hover_enabled=&#8220;off&#8220; button_one_text_color__hover_enabled=&#8220;off&#8220; button_two_text_color__hover_enabled=&#8220;off&#8220; button_border_width__hover_enabled=&#8220;off&#8220; button_one_border_width__hover_enabled=&#8220;off&#8220; button_two_border_width__hover_enabled=&#8220;off&#8220; button_border_color__hover_enabled=&#8220;off&#8220; button_one_border_color__hover_enabled=&#8220;off&#8220; button_two_border_color__hover_enabled=&#8220;off&#8220; button_border_radius__hover_enabled=&#8220;off&#8220; button_one_border_radius__hover_enabled=&#8220;off&#8220; button_two_border_radius__hover_enabled=&#8220;off&#8220; button_letter_spacing__hover_enabled=&#8220;off&#8220; button_one_letter_spacing__hover_enabled=&#8220;off&#8220; button_two_letter_spacing__hover_enabled=&#8220;off&#8220; button_bg_color__hover_enabled=&#8220;off&#8220; button_one_bg_color__hover_enabled=&#8220;off&#8220; button_two_bg_color__hover_enabled=&#8220;off&#8220;][\/et_pb_contact_field][et_pb_contact_field field_id=&#8220;Email&#8220; field_title=&#8220;E-Mail-Adresse&#8220; field_type=&#8220;email&#8220; _builder_version=&#8220;3.16&#8243; button_text_size__hover_enabled=&#8220;off&#8220; button_one_text_size__hover_enabled=&#8220;off&#8220; button_two_text_size__hover_enabled=&#8220;off&#8220; button_text_color__hover_enabled=&#8220;off&#8220; button_one_text_color__hover_enabled=&#8220;off&#8220; button_two_text_color__hover_enabled=&#8220;off&#8220; button_border_width__hover_enabled=&#8220;off&#8220; button_one_border_width__hover_enabled=&#8220;off&#8220; button_two_border_width__hover_enabled=&#8220;off&#8220; button_border_color__hover_enabled=&#8220;off&#8220; button_one_border_color__hover_enabled=&#8220;off&#8220; button_two_border_color__hover_enabled=&#8220;off&#8220; button_border_radius__hover_enabled=&#8220;off&#8220; button_one_border_radius__hover_enabled=&#8220;off&#8220; button_two_border_radius__hover_enabled=&#8220;off&#8220; button_letter_spacing__hover_enabled=&#8220;off&#8220; button_one_letter_spacing__hover_enabled=&#8220;off&#8220; button_two_letter_spacing__hover_enabled=&#8220;off&#8220; button_bg_color__hover_enabled=&#8220;off&#8220; button_one_bg_color__hover_enabled=&#8220;off&#8220; button_two_bg_color__hover_enabled=&#8220;off&#8220;][\/et_pb_contact_field][et_pb_contact_field field_id=&#8220;Message&#8220; field_title=&#8220;Nachricht&#8220; field_type=&#8220;text&#8220; fullwidth_field=&#8220;on&#8220; _builder_version=&#8220;3.16&#8243; button_text_size__hover_enabled=&#8220;off&#8220; button_one_text_size__hover_enabled=&#8220;off&#8220; button_two_text_size__hover_enabled=&#8220;off&#8220; button_text_color__hover_enabled=&#8220;off&#8220; button_one_text_color__hover_enabled=&#8220;off&#8220; button_two_text_color__hover_enabled=&#8220;off&#8220; button_border_width__hover_enabled=&#8220;off&#8220; button_one_border_width__hover_enabled=&#8220;off&#8220; button_two_border_width__hover_enabled=&#8220;off&#8220; button_border_color__hover_enabled=&#8220;off&#8220; button_one_border_color__hover_enabled=&#8220;off&#8220; button_two_border_color__hover_enabled=&#8220;off&#8220; button_border_radius__hover_enabled=&#8220;off&#8220; button_one_border_radius__hover_enabled=&#8220;off&#8220; button_two_border_radius__hover_enabled=&#8220;off&#8220; button_letter_spacing__hover_enabled=&#8220;off&#8220; button_one_letter_spacing__hover_enabled=&#8220;off&#8220; button_two_letter_spacing__hover_enabled=&#8220;off&#8220; button_bg_color__hover_enabled=&#8220;off&#8220; button_one_bg_color__hover_enabled=&#8220;off&#8220; button_two_bg_color__hover_enabled=&#8220;off&#8220;][\/et_pb_contact_field][et_pb_contact_field field_id=&#8220;Datenschutz&#8220; field_title=&#8220; &#8220; field_type=&#8220;checkbox&#8220; checkbox_options=&#8220;%91{%22value%22:%22Ich akzeptiere die %22,%22checked%22:0,%22dragID%22:-1,%22link_url%22:%22https:\/\/asr-web.de\/index.php\/datenschutzerklaerung\/%22,%22link_text%22:%22Datenschutzerkl\u00e4rung%22}%93&#8243; fullwidth_field=&#8220;on&#8220; _builder_version=&#8220;4.9.2&#8243; _module_preset=&#8220;default&#8220; form_field_text_align=&#8220;left&#8220; text_orientation=&#8220;right&#8220;][\/et_pb_contact_field][\/et_pb_contact_form][\/et_pb_column][\/et_pb_row][\/et_pb_section]<\/p>\n","protected":false},"excerpt":{"rendered":"<p>07249 \/ 549 Verkaufsr\u00e4ume vor\u00fcbergehend geschlossen! Termine nach Vereinbarung. &nbsp; Heinrich-Heine-Str. 4, Stutensee-Sp\u00f6ckanke(dot)such(at)asr-web(dot)de<\/p>\n","protected":false},"author":1,"featured_media":0,"parent":0,"menu_order":0,"comment_status":"closed","ping_status":"closed","template":"","meta":{"_et_pb_use_builder":"on","_et_pb_old_content":"","_et_gb_content_width":"","footnotes":""},"class_list":["post-51","page","type-page","status-publish","hentry"],"yoast_head":"<!-- This site is optimized with the Yoast SEO plugin v27.4 - https:\/\/yoast.com\/product\/yoast-seo-wordpress\/ -->\n<title>Kontakt - Anke Such Raumaustattung<\/title>\n<meta name=\"description\" content=\"Anke Such Raumausstattung - Wir bieten eine riesige Auswahl an erstklassigen M\u00f6belstoffen f\u00fcr jeden Einsatz und jeden Anspruch\" \/>\n<meta name=\"robots\" content=\"index, follow, max-snippet:-1, max-image-preview:large, max-video-preview:-1\" \/>\n<link rel=\"canonical\" href=\"https:\/\/asr-web.de\/index.php\/kontakt\/\" \/>\n<meta property=\"og:locale\" content=\"de_DE\" \/>\n<meta property=\"og:type\" content=\"article\" \/>\n<meta property=\"og:title\" content=\"Kontakt - Anke Such Raumaustattung\" \/>\n<meta property=\"og:description\" content=\"Anke Such Raumausstattung - Wir bieten eine riesige Auswahl an erstklassigen M\u00f6belstoffen f\u00fcr jeden Einsatz und jeden Anspruch\" \/>\n<meta property=\"og:url\" content=\"https:\/\/asr-web.de\/index.php\/kontakt\/\" \/>\n<meta property=\"og:site_name\" content=\"Anke Such\" \/>\n<meta property=\"article:modified_time\" content=\"2021-07-28T14:37:23+00:00\" \/>\n<meta name=\"twitter:card\" content=\"summary_large_image\" \/>\n<meta name=\"twitter:label1\" content=\"Gesch\u00e4tzte Lesezeit\" \/>\n\t<meta name=\"twitter:data1\" content=\"8\u00a0Minuten\" \/>\n<script type=\"application\/ld+json\" class=\"yoast-schema-graph\">{\"@context\":\"https:\\\/\\\/schema.org\",\"@graph\":[{\"@type\":\"WebPage\",\"@id\":\"https:\\\/\\\/asr-web.de\\\/index.php\\\/kontakt\\\/\",\"url\":\"https:\\\/\\\/asr-web.de\\\/index.php\\\/kontakt\\\/\",\"name\":\"Kontakt - Anke Such Raumaustattung\",\"isPartOf\":{\"@id\":\"https:\\\/\\\/asr-web.de\\\/#website\"},\"datePublished\":\"2018-06-13T13:19:53+00:00\",\"dateModified\":\"2021-07-28T14:37:23+00:00\",\"description\":\"Anke Such Raumausstattung - Wir bieten eine riesige Auswahl an erstklassigen M\u00f6belstoffen f\u00fcr jeden Einsatz und jeden Anspruch\",\"breadcrumb\":{\"@id\":\"https:\\\/\\\/asr-web.de\\\/index.php\\\/kontakt\\\/#breadcrumb\"},\"inLanguage\":\"de\",\"potentialAction\":[{\"@type\":\"ReadAction\",\"target\":[\"https:\\\/\\\/asr-web.de\\\/index.php\\\/kontakt\\\/\"]}]},{\"@type\":\"BreadcrumbList\",\"@id\":\"https:\\\/\\\/asr-web.de\\\/index.php\\\/kontakt\\\/#breadcrumb\",\"itemListElement\":[{\"@type\":\"ListItem\",\"position\":1,\"name\":\"Startseite\",\"item\":\"https:\\\/\\\/asr-web.de\\\/\"},{\"@type\":\"ListItem\",\"position\":2,\"name\":\"Kontakt\"}]},{\"@type\":\"WebSite\",\"@id\":\"https:\\\/\\\/asr-web.de\\\/#website\",\"url\":\"https:\\\/\\\/asr-web.de\\\/\",\"name\":\"Anke Such\",\"description\":\"Raumaustattung\",\"publisher\":{\"@id\":\"https:\\\/\\\/asr-web.de\\\/#organization\"},\"potentialAction\":[{\"@type\":\"SearchAction\",\"target\":{\"@type\":\"EntryPoint\",\"urlTemplate\":\"https:\\\/\\\/asr-web.de\\\/?s={search_term_string}\"},\"query-input\":{\"@type\":\"PropertyValueSpecification\",\"valueRequired\":true,\"valueName\":\"search_term_string\"}}],\"inLanguage\":\"de\"},{\"@type\":\"Organization\",\"@id\":\"https:\\\/\\\/asr-web.de\\\/#organization\",\"name\":\"Anke Such Raumausstattung\",\"url\":\"https:\\\/\\\/asr-web.de\\\/\",\"logo\":{\"@type\":\"ImageObject\",\"inLanguage\":\"de\",\"@id\":\"https:\\\/\\\/asr-web.de\\\/#\\\/schema\\\/logo\\\/image\\\/\",\"url\":\"https:\\\/\\\/asr-web.de\\\/wp-content\\\/uploads\\\/2018\\\/06\\\/head-1.jpg\",\"contentUrl\":\"https:\\\/\\\/asr-web.de\\\/wp-content\\\/uploads\\\/2018\\\/06\\\/head-1.jpg\",\"width\":800,\"height\":109,\"caption\":\"Anke Such Raumausstattung\"},\"image\":{\"@id\":\"https:\\\/\\\/asr-web.de\\\/#\\\/schema\\\/logo\\\/image\\\/\"}}]}<\/script>\n<!-- \/ Yoast SEO plugin. -->","yoast_head_json":{"title":"Kontakt - Anke Such Raumaustattung","description":"Anke Such Raumausstattung - Wir bieten eine riesige Auswahl an erstklassigen M\u00f6belstoffen f\u00fcr jeden Einsatz und jeden Anspruch","robots":{"index":"index","follow":"follow","max-snippet":"max-snippet:-1","max-image-preview":"max-image-preview:large","max-video-preview":"max-video-preview:-1"},"canonical":"https:\/\/asr-web.de\/index.php\/kontakt\/","og_locale":"de_DE","og_type":"article","og_title":"Kontakt - Anke Such Raumaustattung","og_description":"Anke Such Raumausstattung - Wir bieten eine riesige Auswahl an erstklassigen M\u00f6belstoffen f\u00fcr jeden Einsatz und jeden Anspruch","og_url":"https:\/\/asr-web.de\/index.php\/kontakt\/","og_site_name":"Anke Such","article_modified_time":"2021-07-28T14:37:23+00:00","twitter_card":"summary_large_image","twitter_misc":{"Gesch\u00e4tzte Lesezeit":"8\u00a0Minuten"},"schema":{"@context":"https:\/\/schema.org","@graph":[{"@type":"WebPage","@id":"https:\/\/asr-web.de\/index.php\/kontakt\/","url":"https:\/\/asr-web.de\/index.php\/kontakt\/","name":"Kontakt - Anke Such Raumaustattung","isPartOf":{"@id":"https:\/\/asr-web.de\/#website"},"datePublished":"2018-06-13T13:19:53+00:00","dateModified":"2021-07-28T14:37:23+00:00","description":"Anke Such Raumausstattung - Wir bieten eine riesige Auswahl an erstklassigen M\u00f6belstoffen f\u00fcr jeden Einsatz und jeden Anspruch","breadcrumb":{"@id":"https:\/\/asr-web.de\/index.php\/kontakt\/#breadcrumb"},"inLanguage":"de","potentialAction":[{"@type":"ReadAction","target":["https:\/\/asr-web.de\/index.php\/kontakt\/"]}]},{"@type":"BreadcrumbList","@id":"https:\/\/asr-web.de\/index.php\/kontakt\/#breadcrumb","itemListElement":[{"@type":"ListItem","position":1,"name":"Startseite","item":"https:\/\/asr-web.de\/"},{"@type":"ListItem","position":2,"name":"Kontakt"}]},{"@type":"WebSite","@id":"https:\/\/asr-web.de\/#website","url":"https:\/\/asr-web.de\/","name":"Anke Such","description":"Raumaustattung","publisher":{"@id":"https:\/\/asr-web.de\/#organization"},"potentialAction":[{"@type":"SearchAction","target":{"@type":"EntryPoint","urlTemplate":"https:\/\/asr-web.de\/?s={search_term_string}"},"query-input":{"@type":"PropertyValueSpecification","valueRequired":true,"valueName":"search_term_string"}}],"inLanguage":"de"},{"@type":"Organization","@id":"https:\/\/asr-web.de\/#organization","name":"Anke Such Raumausstattung","url":"https:\/\/asr-web.de\/","logo":{"@type":"ImageObject","inLanguage":"de","@id":"https:\/\/asr-web.de\/#\/schema\/logo\/image\/","url":"https:\/\/asr-web.de\/wp-content\/uploads\/2018\/06\/head-1.jpg","contentUrl":"https:\/\/asr-web.de\/wp-content\/uploads\/2018\/06\/head-1.jpg","width":800,"height":109,"caption":"Anke Such Raumausstattung"},"image":{"@id":"https:\/\/asr-web.de\/#\/schema\/logo\/image\/"}}]}},"_links":{"self":[{"href":"https:\/\/asr-web.de\/index.php\/wp-json\/wp\/v2\/pages\/51","targetHints":{"allow":["GET"]}}],"collection":[{"href":"https:\/\/asr-web.de\/index.php\/wp-json\/wp\/v2\/pages"}],"about":[{"href":"https:\/\/asr-web.de\/index.php\/wp-json\/wp\/v2\/types\/page"}],"author":[{"embeddable":true,"href":"https:\/\/asr-web.de\/index.php\/wp-json\/wp\/v2\/users\/1"}],"replies":[{"embeddable":true,"href":"https:\/\/asr-web.de\/index.php\/wp-json\/wp\/v2\/comments?post=51"}],"version-history":[{"count":18,"href":"https:\/\/asr-web.de\/index.php\/wp-json\/wp\/v2\/pages\/51\/revisions"}],"predecessor-version":[{"id":624,"href":"https:\/\/asr-web.de\/index.php\/wp-json\/wp\/v2\/pages\/51\/revisions\/624"}],"wp:attachment":[{"href":"https:\/\/asr-web.de\/index.php\/wp-json\/wp\/v2\/media?parent=51"}],"curies":[{"name":"wp","href":"https:\/\/api.w.org\/{rel}","templated":true}]}}