{"id":47,"date":"2018-06-13T13:16:50","date_gmt":"2018-06-13T13:16:50","guid":{"rendered":"http:\/\/asr-web.de\/?page_id=47"},"modified":"2020-05-04T12:18:21","modified_gmt":"2020-05-04T12:18:21","slug":"impressum","status":"publish","type":"page","link":"https:\/\/asr-web.de\/index.php\/impressum\/","title":{"rendered":"Impressum"},"content":{"rendered":"<p>[et_pb_section fb_built=&#8220;1&#8243; admin_label=&#8220;section&#8220; _builder_version=&#8220;3.22&#8243;][et_pb_row _builder_version=&#8220;3.25&#8243;][et_pb_column type=&#8220;4_4&#8243; _builder_version=&#8220;3.25&#8243; custom_padding=&#8220;|||&#8220; custom_padding__hover=&#8220;|||&#8220;][et_pb_code _builder_version=&#8220;4.4.5&#8243; hover_enabled=&#8220;0&#8243;]<\/p>\n<h1>Impressum<\/h1>\n<p><!-- [et_pb_line_break_holder] --><pee>Anke Such Polsterei und Raumausstattung<!\u2013- [et_pb_br_holder] -\u2013><!-- [et_pb_line_break_holder] -->Anke Such<!\u2013- [et_pb_br_holder] -\u2013><!-- [et_pb_line_break_holder] -->Heinrich-Heine-Stra\u00dfe 4<!\u2013- [et_pb_br_holder] -\u2013><!-- [et_pb_line_break_holder] -->76297 Stutensee<!\u2013- [et_pb_br_holder] -\u2013><!-- [et_pb_line_break_holder] -->Tel: 07249 549<!\u2013- [et_pb_br_holder] -\u2013><!-- [et_pb_line_break_holder] --><a href=\"mailto:Anke.Such@asr-web.de\">anke(dot)such(at)asr-web(dot)de<\/a><!-- [et_pb_line_break_holder] --><\/pee><!-- [et_pb_line_break_holder] --><pee><strong>Umsatzsteuer-ID:<\/strong><!\u2013- [et_pb_br_holder] -\u2013><!-- [et_pb_line_break_holder] -->Umsatzsteuer-Identifikationsnummer nach \u00a727a Umsatzsteuergesetz:<!\u2013- [et_pb_br_holder] -\u2013><!-- [et_pb_line_break_holder] -->DE 188313954<\/pee><!-- [et_pb_line_break_holder] --><pee><strong>Sonstiges:<\/strong><!\u2013- [et_pb_br_holder] -\u2013><!\u2013- [et_pb_br_holder] -\u2013><strong>Polsterei und Raumausstattung<\/strong><!\u2013- [et_pb_br_holder] -\u2013><!-- [et_pb_line_break_holder] --><\/pee><!-- [et_pb_line_break_holder] --><meta name=\"generator\" content=\"Impressum-Generator der Kanzlei Hensche Rechtsanw\u00e4lte\"\/><!-- [et_pb_line_break_holder] --><pee>\u00a0<\/pee><!-- [et_pb_line_break_holder] --><\/p>\n<h1>Disclaimer &#8211; rechtliche Hinweise<\/h1>\n<p><!-- [et_pb_line_break_holder] --><pee><strong>Auskunfts- und Widerrufsrecht<\/strong><\/pee><!-- [et_pb_line_break_holder] --><pee>Sie haben jederzeit das Recht, sich unentgeltlich und unverz\u00fcglich \u00fcber die zu Ihrer Person erhobenen Daten <!-- [et_pb_line_break_holder] -->zu erkundigen. Ebenfalls k\u00f6nnen Sie Ihre Zustimmung zur Verwendung Ihrer angegebenen pers\u00f6nlichen Daten mit <!-- [et_pb_line_break_holder] -->Wirkung f\u00fcr die Zukunft widerrufen. Hierf\u00fcr wenden Sie sich bitte an den im Impressum angegebenen <!-- [et_pb_line_break_holder] -->Diensteanbieter.<\/pee><!-- [et_pb_line_break_holder] --><pee>\u00a0<\/pee><!-- [et_pb_line_break_holder] --><pee><strong>Disclaimer (Haftungsausschluss)<\/strong><\/pee><!-- [et_pb_line_break_holder] --><pee><strong>1. Haftung f\u00fcr Inhalte<\/strong><\/pee><!-- [et_pb_line_break_holder] --><pee>Als Diensteanbieter sind wir gem\u00e4\u00df \u00a7 7 Abs. 1 TMG f\u00fcr eigene Inhalte auf diesen Seiten nach den <!-- [et_pb_line_break_holder] -->allgemeinen Gesetzen verantwortlich. Nach \u00a7\u00a7 8 bis 10 TMG sind wir als Diensteanbieter jedoch nicht <!-- [et_pb_line_break_holder] -->verpflichtet, \u00fcbermittelte oder gespeicherte fremde Informationen zu \u00fcberwachen oder nach Umst\u00e4nden zu <!-- [et_pb_line_break_holder] -->forschen, die auf eine rechtswidrige T\u00e4tigkeit hinweisen. Verpflichtungen zur Entfernung oder Sperrung der Nutzung <!-- [et_pb_line_break_holder] -->von Informationen nach den allgemeinen Gesetzen bleiben hiervon unber\u00fchrt. Eine diesbez\u00fcgliche Haftung ist <!-- [et_pb_line_break_holder] -->jedoch erst ab dem Zeitpunkt der Kenntnis einer konkreten Rechtsverletzung m\u00f6glich. Bei Bekanntwerden von <!-- [et_pb_line_break_holder] -->entsprechenden Rechtsverletzungen werden wir diese Inhalte umgehend entfernen.<\/pee><!-- [et_pb_line_break_holder] --><pee><strong>2. Haftung f\u00fcr Links<\/strong><\/pee><!-- [et_pb_line_break_holder] --><pee>Diese Website enth\u00e4lt Links zu externen Webseiten Dritter, auf deren Inhalte kein Einfluss genommen werden kann. <!-- [et_pb_line_break_holder] -->Deshalb kann f\u00fcr diese fremden Inhalte auch keine Gew\u00e4hr \u00fcbernommen werden. F\u00fcr die Inhalte der <!-- [et_pb_line_break_holder] -->verlinkten Seiten ist stets der jeweilige Anbieter oder Betreiber der Seiten verantwortlich. Die verlinkten Seiten wurden <!-- [et_pb_line_break_holder] -->zum Zeitpunkt der Verlinkung auf m\u00f6gliche Rechtsverst\u00f6\u00dfe \u00fcberpr\u00fcft. Rechtswidrige Inhalte waren <!-- [et_pb_line_break_holder] -->zum Zeitpunkt der Verlinkung nicht erkennbar. Eine permanente inhaltliche Kontrolle der verlinkten Seiten ist jedoch ohne <!-- [et_pb_line_break_holder] -->konkrete Anhaltspunkte einer Rechtsverletzung nicht zumutbar. Bei Bekanntwerden von Rechtsverletzungen werden derartige <!-- [et_pb_line_break_holder] -->Links umgehend von dieser Website auf die rechtsverletzende Site entfernen.<\/pee><!-- [et_pb_line_break_holder] --><pee><strong>3. Urheberrecht<\/strong><\/pee><!-- [et_pb_line_break_holder] --><pee>Die durch die Diensteanbieter, deren Mitarbeiter und beauftragte Dritte erstellten Inhalte und Werke auf diesen Seiten <!-- [et_pb_line_break_holder] -->unterliegen dem deutschen Urheberrecht. Die Vervielf\u00e4ltigung, Bearbeitung, Verbreitung und jede Art der Verwertung <!-- [et_pb_line_break_holder] -->au\u00dferhalb der Grenzen des Urheberrechtes bed\u00fcrfen der vorherigen schriftlichen Zustimmung des jeweiligen Autors <!-- [et_pb_line_break_holder] -->bzw. Erstellers. Downloads und Kopien dieser Seite sind nur f\u00fcr den privaten, nicht kommerziellen Gebrauch <!-- [et_pb_line_break_holder] -->gestattet. Soweit die Inhalte auf dieser Seite nicht vom Betreiber erstellt wurden, werden die Urheberrechte Dritter <!-- [et_pb_line_break_holder] -->beachtet. Insbesondere werden Inhalte Dritter als solche gekennzeichnet. Sollten Sie trotzdem auf eine <!-- [et_pb_line_break_holder] -->Urheberrechtsverletzung aufmerksam werden, bitten wir um einen entsprechenden Hinweis. Bei Bekanntwerden von <!-- [et_pb_line_break_holder] -->Rechtsverletzungen werden derartige Inhalte umgehend entfernen.<\/pee><!-- [et_pb_line_break_holder] --><pee>\u00a0<\/pee><!-- [et_pb_line_break_holder] --><pee>Dieses Impressum wurde mit Hilfe des <a target=\"_blank\" -- rel=\"noopener noreferrer\">Impressum-Generators<\/a> von <a target=\"_blank\" -- rel=\"noopener noreferrer\">HENSCHE Rechtsanw\u00e4lte<\/a> erstellt.<\/pee>[\/et_pb_code][\/et_pb_column][\/et_pb_row][\/et_pb_section]<\/p>\n","protected":false},"excerpt":{"rendered":"","protected":false},"author":1,"featured_media":0,"parent":0,"menu_order":0,"comment_status":"closed","ping_status":"closed","template":"","meta":{"_et_pb_use_builder":"on","_et_pb_old_content":"","_et_gb_content_width":"","footnotes":""},"class_list":["post-47","page","type-page","status-publish","hentry"],"yoast_head":"<!-- This site is optimized with the Yoast SEO plugin v27.4 - https:\/\/yoast.com\/product\/yoast-seo-wordpress\/ -->\n<title>Impressum - Anke Such<\/title>\n<meta name=\"robots\" content=\"index, follow, max-snippet:-1, max-image-preview:large, max-video-preview:-1\" \/>\n<link rel=\"canonical\" href=\"https:\/\/asr-web.de\/index.php\/impressum\/\" \/>\n<meta property=\"og:locale\" content=\"de_DE\" \/>\n<meta property=\"og:type\" content=\"article\" \/>\n<meta property=\"og:title\" content=\"Impressum - Anke Such\" \/>\n<meta property=\"og:url\" content=\"https:\/\/asr-web.de\/index.php\/impressum\/\" \/>\n<meta property=\"og:site_name\" content=\"Anke Such\" \/>\n<meta property=\"article:modified_time\" content=\"2020-05-04T12:18:21+00:00\" \/>\n<meta name=\"twitter:card\" content=\"summary_large_image\" \/>\n<meta name=\"twitter:label1\" content=\"Gesch\u00e4tzte Lesezeit\" \/>\n\t<meta name=\"twitter:data1\" content=\"2\u00a0Minuten\" \/>\n<script type=\"application\/ld+json\" class=\"yoast-schema-graph\">{\"@context\":\"https:\\\/\\\/schema.org\",\"@graph\":[{\"@type\":\"WebPage\",\"@id\":\"https:\\\/\\\/asr-web.de\\\/index.php\\\/impressum\\\/\",\"url\":\"https:\\\/\\\/asr-web.de\\\/index.php\\\/impressum\\\/\",\"name\":\"Impressum - Anke Such\",\"isPartOf\":{\"@id\":\"https:\\\/\\\/asr-web.de\\\/#website\"},\"datePublished\":\"2018-06-13T13:16:50+00:00\",\"dateModified\":\"2020-05-04T12:18:21+00:00\",\"breadcrumb\":{\"@id\":\"https:\\\/\\\/asr-web.de\\\/index.php\\\/impressum\\\/#breadcrumb\"},\"inLanguage\":\"de\",\"potentialAction\":[{\"@type\":\"ReadAction\",\"target\":[\"https:\\\/\\\/asr-web.de\\\/index.php\\\/impressum\\\/\"]}]},{\"@type\":\"BreadcrumbList\",\"@id\":\"https:\\\/\\\/asr-web.de\\\/index.php\\\/impressum\\\/#breadcrumb\",\"itemListElement\":[{\"@type\":\"ListItem\",\"position\":1,\"name\":\"Startseite\",\"item\":\"https:\\\/\\\/asr-web.de\\\/\"},{\"@type\":\"ListItem\",\"position\":2,\"name\":\"Impressum\"}]},{\"@type\":\"WebSite\",\"@id\":\"https:\\\/\\\/asr-web.de\\\/#website\",\"url\":\"https:\\\/\\\/asr-web.de\\\/\",\"name\":\"Anke Such\",\"description\":\"Raumaustattung\",\"publisher\":{\"@id\":\"https:\\\/\\\/asr-web.de\\\/#organization\"},\"potentialAction\":[{\"@type\":\"SearchAction\",\"target\":{\"@type\":\"EntryPoint\",\"urlTemplate\":\"https:\\\/\\\/asr-web.de\\\/?s={search_term_string}\"},\"query-input\":{\"@type\":\"PropertyValueSpecification\",\"valueRequired\":true,\"valueName\":\"search_term_string\"}}],\"inLanguage\":\"de\"},{\"@type\":\"Organization\",\"@id\":\"https:\\\/\\\/asr-web.de\\\/#organization\",\"name\":\"Anke Such Raumausstattung\",\"url\":\"https:\\\/\\\/asr-web.de\\\/\",\"logo\":{\"@type\":\"ImageObject\",\"inLanguage\":\"de\",\"@id\":\"https:\\\/\\\/asr-web.de\\\/#\\\/schema\\\/logo\\\/image\\\/\",\"url\":\"https:\\\/\\\/asr-web.de\\\/wp-content\\\/uploads\\\/2018\\\/06\\\/head-1.jpg\",\"contentUrl\":\"https:\\\/\\\/asr-web.de\\\/wp-content\\\/uploads\\\/2018\\\/06\\\/head-1.jpg\",\"width\":800,\"height\":109,\"caption\":\"Anke Such Raumausstattung\"},\"image\":{\"@id\":\"https:\\\/\\\/asr-web.de\\\/#\\\/schema\\\/logo\\\/image\\\/\"}}]}<\/script>\n<!-- \/ Yoast SEO plugin. -->","yoast_head_json":{"title":"Impressum - Anke Such","robots":{"index":"index","follow":"follow","max-snippet":"max-snippet:-1","max-image-preview":"max-image-preview:large","max-video-preview":"max-video-preview:-1"},"canonical":"https:\/\/asr-web.de\/index.php\/impressum\/","og_locale":"de_DE","og_type":"article","og_title":"Impressum - Anke Such","og_url":"https:\/\/asr-web.de\/index.php\/impressum\/","og_site_name":"Anke Such","article_modified_time":"2020-05-04T12:18:21+00:00","twitter_card":"summary_large_image","twitter_misc":{"Gesch\u00e4tzte Lesezeit":"2\u00a0Minuten"},"schema":{"@context":"https:\/\/schema.org","@graph":[{"@type":"WebPage","@id":"https:\/\/asr-web.de\/index.php\/impressum\/","url":"https:\/\/asr-web.de\/index.php\/impressum\/","name":"Impressum - Anke Such","isPartOf":{"@id":"https:\/\/asr-web.de\/#website"},"datePublished":"2018-06-13T13:16:50+00:00","dateModified":"2020-05-04T12:18:21+00:00","breadcrumb":{"@id":"https:\/\/asr-web.de\/index.php\/impressum\/#breadcrumb"},"inLanguage":"de","potentialAction":[{"@type":"ReadAction","target":["https:\/\/asr-web.de\/index.php\/impressum\/"]}]},{"@type":"BreadcrumbList","@id":"https:\/\/asr-web.de\/index.php\/impressum\/#breadcrumb","itemListElement":[{"@type":"ListItem","position":1,"name":"Startseite","item":"https:\/\/asr-web.de\/"},{"@type":"ListItem","position":2,"name":"Impressum"}]},{"@type":"WebSite","@id":"https:\/\/asr-web.de\/#website","url":"https:\/\/asr-web.de\/","name":"Anke Such","description":"Raumaustattung","publisher":{"@id":"https:\/\/asr-web.de\/#organization"},"potentialAction":[{"@type":"SearchAction","target":{"@type":"EntryPoint","urlTemplate":"https:\/\/asr-web.de\/?s={search_term_string}"},"query-input":{"@type":"PropertyValueSpecification","valueRequired":true,"valueName":"search_term_string"}}],"inLanguage":"de"},{"@type":"Organization","@id":"https:\/\/asr-web.de\/#organization","name":"Anke Such Raumausstattung","url":"https:\/\/asr-web.de\/","logo":{"@type":"ImageObject","inLanguage":"de","@id":"https:\/\/asr-web.de\/#\/schema\/logo\/image\/","url":"https:\/\/asr-web.de\/wp-content\/uploads\/2018\/06\/head-1.jpg","contentUrl":"https:\/\/asr-web.de\/wp-content\/uploads\/2018\/06\/head-1.jpg","width":800,"height":109,"caption":"Anke Such Raumausstattung"},"image":{"@id":"https:\/\/asr-web.de\/#\/schema\/logo\/image\/"}}]}},"_links":{"self":[{"href":"https:\/\/asr-web.de\/index.php\/wp-json\/wp\/v2\/pages\/47","targetHints":{"allow":["GET"]}}],"collection":[{"href":"https:\/\/asr-web.de\/index.php\/wp-json\/wp\/v2\/pages"}],"about":[{"href":"https:\/\/asr-web.de\/index.php\/wp-json\/wp\/v2\/types\/page"}],"author":[{"embeddable":true,"href":"https:\/\/asr-web.de\/index.php\/wp-json\/wp\/v2\/users\/1"}],"replies":[{"embeddable":true,"href":"https:\/\/asr-web.de\/index.php\/wp-json\/wp\/v2\/comments?post=47"}],"version-history":[{"count":11,"href":"https:\/\/asr-web.de\/index.php\/wp-json\/wp\/v2\/pages\/47\/revisions"}],"predecessor-version":[{"id":440,"href":"https:\/\/asr-web.de\/index.php\/wp-json\/wp\/v2\/pages\/47\/revisions\/440"}],"wp:attachment":[{"href":"https:\/\/asr-web.de\/index.php\/wp-json\/wp\/v2\/media?parent=47"}],"curies":[{"name":"wp","href":"https:\/\/api.w.org\/{rel}","templated":true}]}}